{"id":165,"date":"2024-11-30T03:55:01","date_gmt":"2024-11-30T03:55:01","guid":{"rendered":"http:\/\/localhost:8070\/ele-english"},"modified":"2025-12-31T10:08:45","modified_gmt":"2025-12-31T10:08:45","slug":"course-2-2","status":"publish","type":"page","link":"https:\/\/ele.edu.vn\/en","title":{"rendered":"ELE English"},"content":{"rendered":"\t\t<div data-elementor-type=\"wp-page\" data-elementor-id=\"165\" class=\"elementor elementor-165 elementor-139\">\n\t\t\t\t<div class=\"elementor-element elementor-element-e5bef89 overflow e-flex e-con-boxed e-con e-parent\" data-id=\"e5bef89\" data-element_type=\"container\" data-e-type=\"container\" id=\"emphasis\">\n\t\t\t\t\t<div class=\"e-con-inner\">\n\t\t<div class=\"elementor-element elementor-element-4222182 e-con-full block-item e-flex e-con e-child\" data-id=\"4222182\" data-element_type=\"container\" data-e-type=\"container\">\n\t\t\t\t<div class=\"elementor-element elementor-element-e86c779 emphasis elementor-widget elementor-widget-heading\" data-id=\"e86c779\" data-element_type=\"widget\" data-e-type=\"widget\" data-widget_type=\"heading.default\">\n\t\t\t\t\t<h2 class=\"elementor-heading-title elementor-size-default\"><span class=\"counter-item\">46<\/span>+<\/h2>\t\t\t\t<\/div>\n\t\t\t\t<div class=\"elementor-element elementor-element-72cacfa desc text-center elementor-widget elementor-widget-heading\" data-id=\"72cacfa\" data-element_type=\"widget\" data-e-type=\"widget\" data-widget_type=\"heading.default\">\n\t\t\t\t\t<h5 class=\"elementor-heading-title elementor-size-default\">QU\u1ed0C GIA \u0110\u00c3 \u1ee8NG D\u1ee4NG\nTH\u00c0NH C\u00d4NG<\/h5>\t\t\t\t<\/div>\n\t\t\t\t<\/div>\n\t\t<div class=\"elementor-element elementor-element-9765760 e-con-full block-item e-flex e-con e-child\" data-id=\"9765760\" data-element_type=\"container\" data-e-type=\"container\">\n\t\t\t\t<div class=\"elementor-element elementor-element-509eed4 emphasis elementor-widget elementor-widget-heading\" data-id=\"509eed4\" data-element_type=\"widget\" data-e-type=\"widget\" data-widget_type=\"heading.default\">\n\t\t\t\t\t<h2 class=\"elementor-heading-title elementor-size-default\"><span class=\"counter-item\">500<\/span>+<\/h2>\t\t\t\t<\/div>\n\t\t\t\t<div class=\"elementor-element elementor-element-5003ef9 desc text-center elementor-widget elementor-widget-heading\" data-id=\"5003ef9\" data-element_type=\"widget\" data-e-type=\"widget\" data-widget_type=\"heading.default\">\n\t\t\t\t\t<h5 class=\"elementor-heading-title elementor-size-default\">TRUNG T\u00c2M TR\u00caN KH\u1eaeP\nCH\u00c2U \u00c1<\/h5>\t\t\t\t<\/div>\n\t\t\t\t<\/div>\n\t\t<div class=\"elementor-element elementor-element-d8446ae e-con-full block-item e-flex e-con e-child\" data-id=\"d8446ae\" data-element_type=\"container\" data-e-type=\"container\">\n\t\t\t\t<div class=\"elementor-element elementor-element-b366a00 emphasis elementor-widget elementor-widget-heading\" data-id=\"b366a00\" data-element_type=\"widget\" data-e-type=\"widget\" data-widget_type=\"heading.default\">\n\t\t\t\t\t<h2 class=\"elementor-heading-title elementor-size-default\"><span class=\"counter-item\">1000000<\/span>+<\/h2>\t\t\t\t<\/div>\n\t\t\t\t<div class=\"elementor-element elementor-element-d6c3098 desc text-center elementor-widget elementor-widget-heading\" data-id=\"d6c3098\" data-element_type=\"widget\" data-e-type=\"widget\" data-widget_type=\"heading.default\">\n\t\t\t\t\t<h5 class=\"elementor-heading-title elementor-size-default\">H\u1eccC VI\u00caN \u0110\u00c3 V\u00c0 \u0110ANG\nTHEO H\u1eccC<\/h5>\t\t\t\t<\/div>\n\t\t\t\t<\/div>\n\t\t\t\t\t<\/div>\n\t\t\t\t<\/div>\n\t\t<div class=\"elementor-element elementor-element-5285195 overflow e-flex e-con-boxed e-con e-parent\" data-id=\"5285195\" data-element_type=\"container\" data-e-type=\"container\" id=\"solution\">\n\t\t\t\t\t<div class=\"e-con-inner\">\n\t\t<div class=\"elementor-element elementor-element-1de9c15 e-con-full e-flex e-con e-child\" data-id=\"1de9c15\" data-element_type=\"container\" data-e-type=\"container\">\n\t\t\t\t<div class=\"elementor-element elementor-element-fb39357 title elementor-widget elementor-widget-heading\" data-id=\"fb39357\" data-element_type=\"widget\" data-e-type=\"widget\" data-widget_type=\"heading.default\">\n\t\t\t\t\t<h2 class=\"elementor-heading-title elementor-size-default\">Nu\u00f4i d\u01b0\u1ee1ng<br>th\u1ebf h\u1ec7 tr\u1ebb em<br><span class=\"c-primary\">t\u1ef1 ch\u1ee7<\/span> &amp; <span class=\"c-danger\">s\u00e1ng t\u1ea1o<\/span><\/h2>\t\t\t\t<\/div>\n\t\t\t\t<\/div>\n\t\t<div class=\"elementor-element elementor-element-e5142ea e-con-full e-flex e-con e-child\" data-id=\"e5142ea\" data-element_type=\"container\" data-e-type=\"container\">\n\t\t\t\t<div class=\"elementor-element elementor-element-6984ca4 video elementor-widget elementor-widget-video\" data-id=\"6984ca4\" data-element_type=\"widget\" data-e-type=\"widget\" data-settings=\"{&quot;youtube_url&quot;:&quot;https:\\\/\\\/www.youtube.com\\\/embed\\\/dgT4x0kWijE?si=bQ6U4oyP04kLzrEB&quot;,&quot;video_type&quot;:&quot;youtube&quot;,&quot;controls&quot;:&quot;yes&quot;}\" data-widget_type=\"video.default\">\n\t\t\t\t\t\t\t<div class=\"elementor-wrapper elementor-open-inline\">\n\t\t\t<div class=\"elementor-video\"><\/div>\t\t<\/div>\n\t\t\t\t\t\t<\/div>\n\t\t\t\t<\/div>\n\t\t\t\t\t<\/div>\n\t\t\t\t<\/div>\n\t\t<div class=\"elementor-element elementor-element-1f6c237 overflow e-flex e-con-boxed e-con e-parent\" data-id=\"1f6c237\" data-element_type=\"container\" data-e-type=\"container\" id=\"highlight\">\n\t\t\t\t\t<div class=\"e-con-inner\">\n\t\t\t\t<div class=\"elementor-element elementor-element-b65e43d title text-center elementor-widget elementor-widget-heading\" data-id=\"b65e43d\" data-element_type=\"widget\" data-e-type=\"widget\" data-widget_type=\"heading.default\">\n\t\t\t\t\t<h2 class=\"elementor-heading-title elementor-size-default\">H\u1ec7 th\u1ed1ng gi\u00e1o d\u1ee5c <br> <span class=\"c-primary\">Ti\u1ebfng Anh tr\u1ebb em<\/span> to\u00e0n Ch\u00e2u \u00c1<\/h2>\t\t\t\t<\/div>\n\t\t\t\t<div class=\"elementor-element elementor-element-6b7446d elementor-widget elementor-widget-shortcode\" data-id=\"6b7446d\" data-element_type=\"widget\" data-e-type=\"widget\" data-widget_type=\"shortcode.default\">\n\t\t\t\t\t\t\t<div class=\"elementor-shortcode\"><div class=\"flex flex-wrap gap-32\">\n    <div class=\"col-12 col-md self-center\"><div class=\"tabs-content\"><div class=\"tab active\"><div class=\"feature\"><img fetchpriority=\"high\" decoding=\"async\" width=\"577\" height=\"576\" src=\"https:\/\/ele.edu.vn\/wp-content\/uploads\/2024\/12\/highlight-01-new.webp\" class=\"attachment-full size-full\" alt=\"\" \/><\/div><\/div><div class=\"tab \"><div class=\"feature\"><img decoding=\"async\" width=\"577\" height=\"576\" src=\"https:\/\/ele.edu.vn\/wp-content\/uploads\/2024\/12\/highlight-02-new.webp\" class=\"attachment-full size-full\" alt=\"\" \/><\/div><\/div><div class=\"tab \"><div class=\"feature\"><img decoding=\"async\" width=\"577\" height=\"576\" src=\"https:\/\/ele.edu.vn\/wp-content\/uploads\/2024\/12\/highlight-03-new.webp\" class=\"attachment-full size-full\" alt=\"\" \/><\/div><\/div><\/div><\/div>\n    <div class=\"col-12 col-md\"><div class=\"tabs-menu\"><div class=\"control active\"> <div class=\"label\"><img loading=\"lazy\" decoding=\"async\" width=\"65\" height=\"64\" src=\"https:\/\/ele.edu.vn\/wp-content\/uploads\/2024\/12\/highlight-icon-01.webp\" class=\"attachment-full size-full\" alt=\"\" \/><h4>The world's first multi-sensory interactive learning device.<\/h4><\/div> <div class=\"content\"><img fetchpriority=\"high\" decoding=\"async\" width=\"577\" height=\"576\" src=\"https:\/\/ele.edu.vn\/wp-content\/uploads\/2024\/12\/highlight-01-new.webp\" class=\"attachment-full size-full\" alt=\"\" \/><\/div> <\/div><div class=\"control \"> <div class=\"label\"><img loading=\"lazy\" decoding=\"async\" width=\"65\" height=\"64\" src=\"https:\/\/ele.edu.vn\/wp-content\/uploads\/2024\/12\/highlight-icon-02.webp\" class=\"attachment-full size-full\" alt=\"\" \/><h4>Designed specifically for children in countries where English is a second language.<\/h4><\/div> <div class=\"content\"><img decoding=\"async\" width=\"577\" height=\"576\" src=\"https:\/\/ele.edu.vn\/wp-content\/uploads\/2024\/12\/highlight-02-new.webp\" class=\"attachment-full size-full\" alt=\"\" \/><\/div> <\/div><div class=\"control \"> <div class=\"label\"><img loading=\"lazy\" decoding=\"async\" width=\"65\" height=\"64\" src=\"https:\/\/ele.edu.vn\/wp-content\/uploads\/2024\/12\/highlight-icon-03.webp\" class=\"attachment-full size-full\" alt=\"\" \/><h4>The world's first multi-sensory interactive learning device.<\/h4><\/div> <div class=\"content\"><img decoding=\"async\" width=\"577\" height=\"576\" src=\"https:\/\/ele.edu.vn\/wp-content\/uploads\/2024\/12\/highlight-03-new.webp\" class=\"attachment-full size-full\" alt=\"\" \/><\/div> <\/div><\/div><\/div>\n  <\/div><\/div>\n\t\t\t\t\t\t<\/div>\n\t\t\t\t\t<\/div>\n\t\t\t\t<\/div>\n\t\t<div class=\"elementor-element elementor-element-c3e79fa overflow e-flex e-con-boxed e-con e-parent\" data-id=\"c3e79fa\" data-element_type=\"container\" data-e-type=\"container\" id=\"course\">\n\t\t\t\t\t<div class=\"e-con-inner\">\n\t\t\t\t<div class=\"elementor-element elementor-element-69d27ee title text-center elementor-widget elementor-widget-heading\" data-id=\"69d27ee\" data-element_type=\"widget\" data-e-type=\"widget\" data-widget_type=\"heading.default\">\n\t\t\t\t\t<h2 class=\"elementor-heading-title elementor-size-default\">Gi\u00e1o d\u1ee5c <span class=\"c-primary\">to\u00e0n di\u1ec7n<\/span> <br> t\u1eebng b\u01b0\u1edbc <span class=\"c-danger\">tr\u01b0\u1edfng th\u00e0nh<\/span><\/h2>\t\t\t\t<\/div>\n\t\t<div class=\"elementor-element elementor-element-1700152 e-con-full course-content e-flex e-con e-child\" data-id=\"1700152\" data-element_type=\"container\" data-e-type=\"container\">\n\t\t<div class=\"elementor-element elementor-element-8cd9ecc e-con-full course-item e-flex e-con e-child\" data-id=\"8cd9ecc\" data-element_type=\"container\" data-e-type=\"container\">\n\t\t<div class=\"elementor-element elementor-element-a8182e1 e-con-full feature e-flex e-con e-child\" data-id=\"a8182e1\" data-element_type=\"container\" data-e-type=\"container\">\n\t\t\t\t<div class=\"elementor-element elementor-element-3be2891 elementor-widget elementor-widget-image\" data-id=\"3be2891\" data-element_type=\"widget\" data-e-type=\"widget\" data-widget_type=\"image.default\">\n\t\t\t\t\t\t\t\t\t\t\t\t\t\t\t\t<a href=\"https:\/\/ele.edu.vn\/en#course-1\">\n\t\t\t\t\t\t\t<img loading=\"lazy\" decoding=\"async\" width=\"554\" height=\"472\" src=\"https:\/\/ele.edu.vn\/wp-content\/uploads\/2024\/11\/course-01.png\" class=\"attachment-large size-large wp-image-29\" alt=\"\" srcset=\"https:\/\/ele.edu.vn\/wp-content\/uploads\/2024\/11\/course-01.png 554w, https:\/\/ele.edu.vn\/wp-content\/uploads\/2024\/11\/course-01-300x256.png 300w\" sizes=\"(max-width: 554px) 100vw, 554px\" \/>\t\t\t\t\t\t\t\t<\/a>\n\t\t\t\t\t\t\t\t\t\t\t\t\t\t\t<\/div>\n\t\t\t\t<\/div>\n\t\t<div class=\"elementor-element elementor-element-29f9f3e e-con-full content e-flex e-con e-child\" data-id=\"29f9f3e\" data-element_type=\"container\" data-e-type=\"container\">\n\t\t\t\t<div class=\"elementor-element elementor-element-19deb87 elementor-widget elementor-widget-heading\" data-id=\"19deb87\" data-element_type=\"widget\" data-e-type=\"widget\" data-widget_type=\"heading.default\">\n\t\t\t\t\t<h3 class=\"elementor-heading-title elementor-size-default\">ELE - BABY<\/h3>\t\t\t\t<\/div>\n\t\t\t\t<div class=\"elementor-element elementor-element-9bda8fc elementor-widget elementor-widget-text-editor\" data-id=\"9bda8fc\" data-element_type=\"widget\" data-e-type=\"widget\" data-widget_type=\"text-editor.default\">\n\t\t\t\t\t\t\t\t\t<div><div>Kh\u01a1i d\u1eady h\u1ee9ng th\u00fa \u0111\u1ed1i v\u1edbi vi\u1ec7c h\u1ecdc ti\u1ebfng Anh<\/div><div><strong>cho tr\u1ebb <\/strong><strong>t\u1eeb 2-3 tu\u1ed5i<\/strong><\/div><\/div>\t\t\t\t\t\t\t\t<\/div>\n\t\t\t\t<div class=\"elementor-element elementor-element-3fa09bc cta elementor-widget elementor-widget-button\" data-id=\"3fa09bc\" data-element_type=\"widget\" data-e-type=\"widget\" data-widget_type=\"button.default\">\n\t\t\t\t\t\t\t\t\t\t<a class=\"elementor-button elementor-button-link elementor-size-sm\" href=\"#contact\">\n\t\t\t\t\t\t<span class=\"elementor-button-content-wrapper\">\n\t\t\t\t\t\t\t\t\t<span class=\"elementor-button-text\">T\u01b0 v\u1ea5n ngay<\/span>\n\t\t\t\t\t<\/span>\n\t\t\t\t\t<\/a>\n\t\t\t\t\t\t\t\t<\/div>\n\t\t\t\t<\/div>\n\t\t\t\t<\/div>\n\t\t<div class=\"elementor-element elementor-element-3ca907a e-con-full course-item e-flex e-con e-child\" data-id=\"3ca907a\" data-element_type=\"container\" data-e-type=\"container\">\n\t\t<div class=\"elementor-element elementor-element-616a10f e-con-full feature e-flex e-con e-child\" data-id=\"616a10f\" data-element_type=\"container\" data-e-type=\"container\">\n\t\t\t\t<div class=\"elementor-element elementor-element-2d31a48 elementor-widget elementor-widget-image\" data-id=\"2d31a48\" data-element_type=\"widget\" data-e-type=\"widget\" data-widget_type=\"image.default\">\n\t\t\t\t\t\t\t\t\t\t\t\t\t\t\t\t<a href=\"https:\/\/ele.edu.vn\/en#course-2\">\n\t\t\t\t\t\t\t<img loading=\"lazy\" decoding=\"async\" width=\"522\" height=\"493\" src=\"https:\/\/ele.edu.vn\/wp-content\/uploads\/2024\/11\/course-02.png\" class=\"attachment-large size-large wp-image-31\" alt=\"\" srcset=\"https:\/\/ele.edu.vn\/wp-content\/uploads\/2024\/11\/course-02.png 522w, https:\/\/ele.edu.vn\/wp-content\/uploads\/2024\/11\/course-02-300x283.png 300w\" sizes=\"(max-width: 522px) 100vw, 522px\" \/>\t\t\t\t\t\t\t\t<\/a>\n\t\t\t\t\t\t\t\t\t\t\t\t\t\t\t<\/div>\n\t\t\t\t<\/div>\n\t\t<div class=\"elementor-element elementor-element-3433c0f e-con-full content e-flex e-con e-child\" data-id=\"3433c0f\" data-element_type=\"container\" data-e-type=\"container\">\n\t\t\t\t<div class=\"elementor-element elementor-element-bae1636 elementor-widget elementor-widget-heading\" data-id=\"bae1636\" data-element_type=\"widget\" data-e-type=\"widget\" data-widget_type=\"heading.default\">\n\t\t\t\t\t<h3 class=\"elementor-heading-title elementor-size-default\">ELE - TODDLER<\/h3>\t\t\t\t<\/div>\n\t\t\t\t<div class=\"elementor-element elementor-element-16687f3 elementor-widget elementor-widget-text-editor\" data-id=\"16687f3\" data-element_type=\"widget\" data-e-type=\"widget\" data-widget_type=\"text-editor.default\">\n\t\t\t\t\t\t\t\t\t<p><strong>Gi\u00fap tr\u1ebb t\u1eeb 3 -5 tu\u1ed5i<\/strong> t\u1ef1 tin v\u01b0\u01a1n xa, h\u01b0\u1edbng d\u1eabn c\u00e1c b\u00e9 h\u1ecdc ti\u1ebfng Anh m\u1ed9t c\u00e1ch t\u1ef1 nhi\u00ean v\u00e0 th\u00fa v\u1ecb<\/p>\t\t\t\t\t\t\t\t<\/div>\n\t\t\t\t<div class=\"elementor-element elementor-element-08afbb4 cta elementor-widget elementor-widget-button\" data-id=\"08afbb4\" data-element_type=\"widget\" data-e-type=\"widget\" data-widget_type=\"button.default\">\n\t\t\t\t\t\t\t\t\t\t<a class=\"elementor-button elementor-button-link elementor-size-sm\" href=\"#contact\">\n\t\t\t\t\t\t<span class=\"elementor-button-content-wrapper\">\n\t\t\t\t\t\t\t\t\t<span class=\"elementor-button-text\">T\u01b0 v\u1ea5n ngay<\/span>\n\t\t\t\t\t<\/span>\n\t\t\t\t\t<\/a>\n\t\t\t\t\t\t\t\t<\/div>\n\t\t\t\t<\/div>\n\t\t\t\t<\/div>\n\t\t<div class=\"elementor-element elementor-element-c6b62da e-con-full course-item e-flex e-con e-child\" data-id=\"c6b62da\" data-element_type=\"container\" data-e-type=\"container\">\n\t\t<div class=\"elementor-element elementor-element-52f71a8 e-con-full feature e-flex e-con e-child\" data-id=\"52f71a8\" data-element_type=\"container\" data-e-type=\"container\">\n\t\t\t\t<div class=\"elementor-element elementor-element-20afa78 elementor-widget elementor-widget-image\" data-id=\"20afa78\" data-element_type=\"widget\" data-e-type=\"widget\" data-widget_type=\"image.default\">\n\t\t\t\t\t\t\t\t\t\t\t\t\t\t\t\t<a href=\"https:\/\/ele.edu.vn\/en#course-3\">\n\t\t\t\t\t\t\t<img loading=\"lazy\" decoding=\"async\" width=\"518\" height=\"517\" src=\"https:\/\/ele.edu.vn\/wp-content\/uploads\/2024\/11\/course-03.png\" class=\"attachment-large size-large wp-image-33\" alt=\"\" srcset=\"https:\/\/ele.edu.vn\/wp-content\/uploads\/2024\/11\/course-03.png 518w, https:\/\/ele.edu.vn\/wp-content\/uploads\/2024\/11\/course-03-300x300.png 300w, https:\/\/ele.edu.vn\/wp-content\/uploads\/2024\/11\/course-03-150x150.png 150w\" sizes=\"(max-width: 518px) 100vw, 518px\" \/>\t\t\t\t\t\t\t\t<\/a>\n\t\t\t\t\t\t\t\t\t\t\t\t\t\t\t<\/div>\n\t\t\t\t<\/div>\n\t\t<div class=\"elementor-element elementor-element-b0f3e09 e-con-full content e-flex e-con e-child\" data-id=\"b0f3e09\" data-element_type=\"container\" data-e-type=\"container\">\n\t\t\t\t<div class=\"elementor-element elementor-element-3a29b69 elementor-widget elementor-widget-heading\" data-id=\"3a29b69\" data-element_type=\"widget\" data-e-type=\"widget\" data-widget_type=\"heading.default\">\n\t\t\t\t\t<h3 class=\"elementor-heading-title elementor-size-default\">ELE - KID<\/h3>\t\t\t\t<\/div>\n\t\t\t\t<div class=\"elementor-element elementor-element-a0aedc5 elementor-widget elementor-widget-text-editor\" data-id=\"a0aedc5\" data-element_type=\"widget\" data-e-type=\"widget\" data-widget_type=\"text-editor.default\">\n\t\t\t\t\t\t\t\t\t<p><strong>Gi\u00fap tr\u1ebb t\u1eeb 6 -16<\/strong> tu\u1ed5i t\u1eebng b\u01b0\u1edbc kh\u00e1m ph\u00e1, ph\u00e1t tri\u1ec3n ki\u1ebfn th\u1ee9c v\u1ec1 th\u1ebf gi\u1edbi v\u00e0 trang b\u1ecb nh\u1eefng k\u1ef9 n\u0103ng m\u1ec1m c\u1ea7n thi\u1ebft \u0111\u1ec3 ph\u00e1t tri\u1ec3n to\u00e0n di\u1ec7n<\/p>\t\t\t\t\t\t\t\t<\/div>\n\t\t\t\t<div class=\"elementor-element elementor-element-b19e5a5 cta elementor-widget elementor-widget-button\" data-id=\"b19e5a5\" data-element_type=\"widget\" data-e-type=\"widget\" data-widget_type=\"button.default\">\n\t\t\t\t\t\t\t\t\t\t<a class=\"elementor-button elementor-button-link elementor-size-sm\" href=\"#contact\">\n\t\t\t\t\t\t<span class=\"elementor-button-content-wrapper\">\n\t\t\t\t\t\t\t\t\t<span class=\"elementor-button-text\">T\u01b0 v\u1ea5n ngay<\/span>\n\t\t\t\t\t<\/span>\n\t\t\t\t\t<\/a>\n\t\t\t\t\t\t\t\t<\/div>\n\t\t\t\t<\/div>\n\t\t\t\t<\/div>\n\t\t\t\t<\/div>\n\t\t\t\t\t<\/div>\n\t\t\t\t<\/div>\n\t\t<div class=\"elementor-element elementor-element-685f287 e-flex e-con-boxed e-con e-parent\" data-id=\"685f287\" data-element_type=\"container\" data-e-type=\"container\" id=\"class-room\">\n\t\t\t\t\t<div class=\"e-con-inner\">\n\t\t\t\t<div class=\"elementor-element elementor-element-b3e83b7 title text-center elementor-widget elementor-widget-heading\" data-id=\"b3e83b7\" data-element_type=\"widget\" data-e-type=\"widget\" data-widget_type=\"heading.default\">\n\t\t\t\t\t<h2 class=\"elementor-heading-title elementor-size-default\">Kh\u00f4ng gian l\u1edbp h\u1ecdc <span class=\"c-primary\">HI\u1ec6N \u0110\u1ea0I<\/span>\n        <br> K\u00edch th\u00edch t\u01b0 duy  <span class=\"c-danger\">PH\u00c1T TRI\u1ec2N<\/span><\/h2>\t\t\t\t<\/div>\n\t\t\t\t<div class=\"elementor-element elementor-element-9904695 elementor-widget elementor-widget-shortcode\" data-id=\"9904695\" data-element_type=\"widget\" data-e-type=\"widget\" data-widget_type=\"shortcode.default\">\n\t\t\t\t\t\t\t<div class=\"elementor-shortcode\"><div id=\"class-slider\"><div><img loading=\"lazy\" decoding=\"async\" width=\"2560\" height=\"1440\" src=\"https:\/\/ele.edu.vn\/wp-content\/uploads\/2025\/01\/z6246704005341_353f95c630b3ad04dd277496296a606e.avif\" class=\"attachment-full size-full\" alt=\"\" srcset=\"https:\/\/ele.edu.vn\/wp-content\/uploads\/2025\/01\/z6246704005341_353f95c630b3ad04dd277496296a606e.avif 2560w, https:\/\/ele.edu.vn\/wp-content\/uploads\/2025\/01\/z6246704005341_353f95c630b3ad04dd277496296a606e-300x169.avif 300w, https:\/\/ele.edu.vn\/wp-content\/uploads\/2025\/01\/z6246704005341_353f95c630b3ad04dd277496296a606e-1024x576.avif 1024w, https:\/\/ele.edu.vn\/wp-content\/uploads\/2025\/01\/z6246704005341_353f95c630b3ad04dd277496296a606e-768x432.avif 768w, https:\/\/ele.edu.vn\/wp-content\/uploads\/2025\/01\/z6246704005341_353f95c630b3ad04dd277496296a606e-1536x864.avif 1536w, https:\/\/ele.edu.vn\/wp-content\/uploads\/2025\/01\/z6246704005341_353f95c630b3ad04dd277496296a606e-2048x1152.avif 2048w, https:\/\/ele.edu.vn\/wp-content\/uploads\/2025\/01\/z6246704005341_353f95c630b3ad04dd277496296a606e-450x253.avif 450w, https:\/\/ele.edu.vn\/wp-content\/uploads\/2025\/01\/z6246704005341_353f95c630b3ad04dd277496296a606e-1200x675.avif 1200w, https:\/\/ele.edu.vn\/wp-content\/uploads\/2025\/01\/z6246704005341_353f95c630b3ad04dd277496296a606e-2000x1125.avif 2000w, https:\/\/ele.edu.vn\/wp-content\/uploads\/2025\/01\/z6246704005341_353f95c630b3ad04dd277496296a606e-1600x900.avif 1600w\" sizes=\"(max-width: 2560px) 100vw, 2560px\" \/><\/div><div><img loading=\"lazy\" decoding=\"async\" width=\"2560\" height=\"1440\" src=\"https:\/\/ele.edu.vn\/wp-content\/uploads\/2025\/01\/z6246704005345_1e51a6f9956fae0a17e274b10dceca29.avif\" class=\"attachment-full size-full\" alt=\"\" srcset=\"https:\/\/ele.edu.vn\/wp-content\/uploads\/2025\/01\/z6246704005345_1e51a6f9956fae0a17e274b10dceca29.avif 2560w, https:\/\/ele.edu.vn\/wp-content\/uploads\/2025\/01\/z6246704005345_1e51a6f9956fae0a17e274b10dceca29-300x169.avif 300w, https:\/\/ele.edu.vn\/wp-content\/uploads\/2025\/01\/z6246704005345_1e51a6f9956fae0a17e274b10dceca29-1024x576.avif 1024w, https:\/\/ele.edu.vn\/wp-content\/uploads\/2025\/01\/z6246704005345_1e51a6f9956fae0a17e274b10dceca29-768x432.avif 768w, https:\/\/ele.edu.vn\/wp-content\/uploads\/2025\/01\/z6246704005345_1e51a6f9956fae0a17e274b10dceca29-1536x864.avif 1536w, https:\/\/ele.edu.vn\/wp-content\/uploads\/2025\/01\/z6246704005345_1e51a6f9956fae0a17e274b10dceca29-2048x1152.avif 2048w, https:\/\/ele.edu.vn\/wp-content\/uploads\/2025\/01\/z6246704005345_1e51a6f9956fae0a17e274b10dceca29-450x253.avif 450w, https:\/\/ele.edu.vn\/wp-content\/uploads\/2025\/01\/z6246704005345_1e51a6f9956fae0a17e274b10dceca29-1200x675.avif 1200w, https:\/\/ele.edu.vn\/wp-content\/uploads\/2025\/01\/z6246704005345_1e51a6f9956fae0a17e274b10dceca29-2000x1125.avif 2000w, https:\/\/ele.edu.vn\/wp-content\/uploads\/2025\/01\/z6246704005345_1e51a6f9956fae0a17e274b10dceca29-1600x900.avif 1600w\" sizes=\"(max-width: 2560px) 100vw, 2560px\" \/><\/div><div><img decoding=\"async\" src=\"https:\/\/ele.edu.vn\/wp-content\/uploads\/2025\/01\/z6246704005346_2b57e41113fb89f6bce033067b610c81.jpg\" class=\"attachment-full size-full\" alt=\"\" \/><\/div><\/div><\/div>\n\t\t\t\t\t\t<\/div>\n\t\t\t\t\t<\/div>\n\t\t\t\t<\/div>\n\t\t<div class=\"elementor-element elementor-element-f0895ac e-flex e-con-boxed e-con e-parent\" data-id=\"f0895ac\" data-element_type=\"container\" data-e-type=\"container\" id=\"blog\">\n\t\t\t\t\t<div class=\"e-con-inner\">\n\t\t\t\t<div class=\"elementor-element elementor-element-1841bb7 title elementor-widget elementor-widget-heading\" data-id=\"1841bb7\" data-element_type=\"widget\" data-e-type=\"widget\" data-widget_type=\"heading.default\">\n\t\t\t\t\t<h2 class=\"elementor-heading-title elementor-size-default\">Blog <span class=\"c-primary\">ELE<\/span><\/h2>\t\t\t\t<\/div>\n\t\t\t\t<div class=\"elementor-element elementor-element-97ad552 desc elementor-widget elementor-widget-text-editor\" data-id=\"97ad552\" data-element_type=\"widget\" data-e-type=\"widget\" data-widget_type=\"text-editor.default\">\n\t\t\t\t\t\t\t\t\t<div>\n<div>Kho t\u00e0ng ki\u1ebfn th\u1ee9c, gi\u00fap n\u00e2ng cao t\u1eeb v\u1ef1ng ki\u1ebfn th\u1ee9c, ng\u1eef ph\u00e1p r\u00e8n luy\u1ec7n c\u00e1c k\u0129 n\u0103ng li\u00ean quan<span style=\"font-size: 20px;\"> \u0111\u1ebfn ti\u1ebfng Anh v\u00e0 ti\u1ebfng Trung\u00a0<\/span><\/div>\n<\/div>\t\t\t\t\t\t\t\t<\/div>\n\t\t\t\t<div class=\"elementor-element elementor-element-1ce363e elementor-widget elementor-widget-shortcode\" data-id=\"1ce363e\" data-element_type=\"widget\" data-e-type=\"widget\" data-widget_type=\"shortcode.default\">\n\t\t\t\t\t\t\t<div class=\"elementor-shortcode\"><div class=\"flex flex-wrap gap-40\"><\/div><\/div>\n\t\t\t\t\t\t<\/div>\n\t\t\t\t\t<\/div>\n\t\t\t\t<\/div>\n\t\t\t\t<\/div>\n\t\t","protected":false},"excerpt":{"rendered":"<p>46+ QU\u1ed0C GIA \u0110\u00c3 \u1ee8NG D\u1ee4NG TH\u00c0NH C\u00d4NG 500+ TRUNG T\u00c2M TR\u00caN KH\u1eaeP CH\u00c2U \u00c1 1000000+ H\u1eccC VI\u00caN \u0110\u00c3 V\u00c0 \u0110ANG THEO H\u1eccC Nu\u00f4i d\u01b0\u1ee1ngth\u1ebf h\u1ec7 tr\u1ebb emt\u1ef1 ch\u1ee7 &amp; s\u00e1ng t\u1ea1o https:\/\/www.youtube.com\/embed\/dgT4x0kWijE?si=bQ6U4oyP04kLzrEB H\u1ec7 th\u1ed1ng gi\u00e1o d\u1ee5c Ti\u1ebfng Anh tr\u1ebb em to\u00e0n Ch\u00e2u \u00c1 Gi\u00e1o d\u1ee5c to\u00e0n di\u1ec7n t\u1eebng b\u01b0\u1edbc tr\u01b0\u1edfng th\u00e0nh ELE &#8211; BABY &#8230;<\/p>\n","protected":false},"author":1,"featured_media":0,"parent":0,"menu_order":0,"comment_status":"closed","ping_status":"closed","template":"page-home.php","meta":{"_acf_changed":false,"footnotes":""},"class_list":["post-165","page","type-page","status-publish","hentry"],"acf":[],"_hostinger_reach_plugin_has_subscription_block":false,"_hostinger_reach_plugin_is_elementor":false,"_links":{"self":[{"href":"https:\/\/ele.edu.vn\/en\/wp-json\/wp\/v2\/pages\/165","targetHints":{"allow":["GET"]}}],"collection":[{"href":"https:\/\/ele.edu.vn\/en\/wp-json\/wp\/v2\/pages"}],"about":[{"href":"https:\/\/ele.edu.vn\/en\/wp-json\/wp\/v2\/types\/page"}],"author":[{"embeddable":true,"href":"https:\/\/ele.edu.vn\/en\/wp-json\/wp\/v2\/users\/1"}],"replies":[{"embeddable":true,"href":"https:\/\/ele.edu.vn\/en\/wp-json\/wp\/v2\/comments?post=165"}],"version-history":[{"count":6,"href":"https:\/\/ele.edu.vn\/en\/wp-json\/wp\/v2\/pages\/165\/revisions"}],"predecessor-version":[{"id":10513,"href":"https:\/\/ele.edu.vn\/en\/wp-json\/wp\/v2\/pages\/165\/revisions\/10513"}],"wp:attachment":[{"href":"https:\/\/ele.edu.vn\/en\/wp-json\/wp\/v2\/media?parent=165"}],"curies":[{"name":"wp","href":"https:\/\/api.w.org\/{rel}","templated":true}]}}